{"id":129,"date":"2012-08-14T14:04:53","date_gmt":"2012-08-14T14:04:53","guid":{"rendered":"http:\/\/www.superherotraining.ch\/?page_id=129"},"modified":"2012-08-14T14:04:53","modified_gmt":"2012-08-14T14:04:53","slug":"hilf-uns-bei-der-werbung","status":"publish","type":"page","link":"https:\/\/superherotraining.kivu.li\/wordpress\/?page_id=129","title":{"rendered":"Weitersagen!"},"content":{"rendered":"<p>Du m\u00f6chtest das Superhero Training weiterempfehlen?<\/p>\n<p>Hier einige M\u00f6glichkeiten:<\/p>\n<ul>\n<li>Versende <a href=\"http:\/\/superherotraining.kivu.li\/wordpress\/wp-content\/uploads\/2012\/08\/Flyer_SHT_online.pdf\">unser Flyer<\/a> mit einer pers\u00f6nlichen Empfehlung an deine Freunde.<\/li>\n<li>Besuche uns auf <a title=\"Besuche uns auf Facebook\" href=\"http:\/\/www.facebook.com\/superherotraining.ch\" target=\"_blank\">Facebook<\/a> und berichte dar\u00fcber in deiner Facebook-Community.<\/li>\n<li>Lade deine Freunde zu unserem <a title=\"Link zu Facebook-Event Superhero Training\" href=\"https:\/\/www.facebook.com\/events\/187306974734447\/ \" target=\"_blank\">Facebook-Event<\/a> ein.<\/li>\n<li>Versende unseren <a title=\"Newsletter Archiv\" href=\"http:\/\/us5.campaign-archive2.com\/home\/?u=82da5ea6b013330056fdb1c75&amp;id=2716237268\" target=\"_blank\">Newsletter<\/a> an deine Freunde.<\/li>\n<\/ul>\n<p>&nbsp;<\/p>\n<div id=\"attachment_193\" style=\"width: 310px\" class=\"wp-caption alignleft\"><a title=\"unseren Newsletter abonnieren\" href=\"http:\/\/superherotraining.us5.list-manage.com\/subscribe?u=82da5ea6b013330056fdb1c75&amp;id=2716237268\" target=\"_blank\"><img loading=\"lazy\" decoding=\"async\" aria-describedby=\"caption-attachment-193\" class=\"size-medium wp-image-193\" title=\"Newsletter\" src=\"http:\/\/superherotraining.kivu.li\/wordpress\/wp-content\/uploads\/2012\/08\/Newsletter-300x80.jpg\" alt=\"abonniere unseren Newsletter\" width=\"300\" height=\"80\" srcset=\"https:\/\/superherotraining.kivu.li\/wordpress\/wp-content\/uploads\/2012\/08\/Newsletter-300x80.jpg 300w, https:\/\/superherotraining.kivu.li\/wordpress\/wp-content\/uploads\/2012\/08\/Newsletter.jpg 443w\" sizes=\"auto, (max-width: 300px) 100vw, 300px\" \/><\/a><p id=\"caption-attachment-193\" class=\"wp-caption-text\"><a title=\"unseren Newsletter abonnieren\" href=\"http:\/\/superherotraining.us5.list-manage.com\/subscribe?u=82da5ea6b013330056fdb1c75&amp;id=2716237268\" target=\"_blank\">jetzt hier abonnieren!<\/a><\/p><\/div>\n","protected":false},"excerpt":{"rendered":"<p>Du m\u00f6chtest das Superhero Training weiterempfehlen? Hier einige M\u00f6glichkeiten: Versende unser Flyer mit einer pers\u00f6nlichen Empfehlung an deine Freunde. Besuche uns auf Facebook und berichte dar\u00fcber in deiner Facebook-Community. Lade deine Freunde zu unserem Facebook-Event ein. Versende unseren Newsletter an &hellip; <a href=\"https:\/\/superherotraining.kivu.li\/wordpress\/?page_id=129\">Continue reading <span class=\"meta-nav\">&rarr;<\/span><\/a><\/p>\n","protected":false},"author":2,"featured_media":0,"parent":0,"menu_order":0,"comment_status":"closed","ping_status":"closed","template":"","meta":{"inline_featured_image":false,"footnotes":""},"class_list":["post-129","page","type-page","status-publish","hentry"],"yoast_head":"<!-- This site is optimized with the Yoast SEO plugin v27.4 - https:\/\/yoast.com\/product\/yoast-seo-wordpress\/ -->\n<title>Weitersagen! - Superherotraining<\/title>\n<meta name=\"robots\" content=\"index, follow, max-snippet:-1, max-image-preview:large, max-video-preview:-1\" \/>\n<link rel=\"canonical\" href=\"https:\/\/superherotraining.kivu.li\/wordpress\/?page_id=129\" \/>\n<meta property=\"og:locale\" content=\"en_US\" \/>\n<meta property=\"og:type\" content=\"article\" \/>\n<meta property=\"og:title\" content=\"Weitersagen! - Superherotraining\" \/>\n<meta property=\"og:description\" content=\"Du m\u00f6chtest das Superhero Training weiterempfehlen? Hier einige M\u00f6glichkeiten: Versende unser Flyer mit einer pers\u00f6nlichen Empfehlung an deine Freunde. Besuche uns auf Facebook und berichte dar\u00fcber in deiner Facebook-Community. Lade deine Freunde zu unserem Facebook-Event ein. Versende unseren Newsletter an &hellip; Continue reading &rarr;\" \/>\n<meta property=\"og:url\" content=\"https:\/\/superherotraining.kivu.li\/wordpress\/?page_id=129\" \/>\n<meta property=\"og:site_name\" content=\"Superherotraining\" \/>\n<meta property=\"og:image\" content=\"http:\/\/superherotraining.kivu.li\/wordpress\/wp-content\/uploads\/2012\/08\/Newsletter-300x80.jpg\" \/>\n<meta name=\"twitter:card\" content=\"summary_large_image\" \/>\n<script type=\"application\/ld+json\" class=\"yoast-schema-graph\">{\"@context\":\"https:\\\/\\\/schema.org\",\"@graph\":[{\"@type\":\"WebPage\",\"@id\":\"https:\\\/\\\/superherotraining.kivu.li\\\/wordpress\\\/?page_id=129\",\"url\":\"https:\\\/\\\/superherotraining.kivu.li\\\/wordpress\\\/?page_id=129\",\"name\":\"Weitersagen! - Superherotraining\",\"isPartOf\":{\"@id\":\"https:\\\/\\\/superherotraining.kivu.li\\\/wordpress\\\/#website\"},\"primaryImageOfPage\":{\"@id\":\"https:\\\/\\\/superherotraining.kivu.li\\\/wordpress\\\/?page_id=129#primaryimage\"},\"image\":{\"@id\":\"https:\\\/\\\/superherotraining.kivu.li\\\/wordpress\\\/?page_id=129#primaryimage\"},\"thumbnailUrl\":\"http:\\\/\\\/superherotraining.kivu.li\\\/wordpress\\\/wp-content\\\/uploads\\\/2012\\\/08\\\/Newsletter-300x80.jpg\",\"datePublished\":\"2012-08-14T14:04:53+00:00\",\"breadcrumb\":{\"@id\":\"https:\\\/\\\/superherotraining.kivu.li\\\/wordpress\\\/?page_id=129#breadcrumb\"},\"inLanguage\":\"en-US\",\"potentialAction\":[{\"@type\":\"ReadAction\",\"target\":[\"https:\\\/\\\/superherotraining.kivu.li\\\/wordpress\\\/?page_id=129\"]}]},{\"@type\":\"ImageObject\",\"inLanguage\":\"en-US\",\"@id\":\"https:\\\/\\\/superherotraining.kivu.li\\\/wordpress\\\/?page_id=129#primaryimage\",\"url\":\"http:\\\/\\\/superherotraining.kivu.li\\\/wordpress\\\/wp-content\\\/uploads\\\/2012\\\/08\\\/Newsletter-300x80.jpg\",\"contentUrl\":\"http:\\\/\\\/superherotraining.kivu.li\\\/wordpress\\\/wp-content\\\/uploads\\\/2012\\\/08\\\/Newsletter-300x80.jpg\"},{\"@type\":\"BreadcrumbList\",\"@id\":\"https:\\\/\\\/superherotraining.kivu.li\\\/wordpress\\\/?page_id=129#breadcrumb\",\"itemListElement\":[{\"@type\":\"ListItem\",\"position\":1,\"name\":\"Home\",\"item\":\"https:\\\/\\\/superherotraining.kivu.li\\\/wordpress\\\/\"},{\"@type\":\"ListItem\",\"position\":2,\"name\":\"Weitersagen!\"}]},{\"@type\":\"WebSite\",\"@id\":\"https:\\\/\\\/superherotraining.kivu.li\\\/wordpress\\\/#website\",\"url\":\"https:\\\/\\\/superherotraining.kivu.li\\\/wordpress\\\/\",\"name\":\"Superherotraining\",\"description\":\"Everyone can become a Superhero\",\"potentialAction\":[{\"@type\":\"SearchAction\",\"target\":{\"@type\":\"EntryPoint\",\"urlTemplate\":\"https:\\\/\\\/superherotraining.kivu.li\\\/wordpress\\\/?s={search_term_string}\"},\"query-input\":{\"@type\":\"PropertyValueSpecification\",\"valueRequired\":true,\"valueName\":\"search_term_string\"}}],\"inLanguage\":\"en-US\"}]}<\/script>\n<!-- \/ Yoast SEO plugin. -->","yoast_head_json":{"title":"Weitersagen! - Superherotraining","robots":{"index":"index","follow":"follow","max-snippet":"max-snippet:-1","max-image-preview":"max-image-preview:large","max-video-preview":"max-video-preview:-1"},"canonical":"https:\/\/superherotraining.kivu.li\/wordpress\/?page_id=129","og_locale":"en_US","og_type":"article","og_title":"Weitersagen! - Superherotraining","og_description":"Du m\u00f6chtest das Superhero Training weiterempfehlen? Hier einige M\u00f6glichkeiten: Versende unser Flyer mit einer pers\u00f6nlichen Empfehlung an deine Freunde. Besuche uns auf Facebook und berichte dar\u00fcber in deiner Facebook-Community. Lade deine Freunde zu unserem Facebook-Event ein. Versende unseren Newsletter an &hellip; Continue reading &rarr;","og_url":"https:\/\/superherotraining.kivu.li\/wordpress\/?page_id=129","og_site_name":"Superherotraining","og_image":[{"url":"http:\/\/superherotraining.kivu.li\/wordpress\/wp-content\/uploads\/2012\/08\/Newsletter-300x80.jpg","type":"","width":"","height":""}],"twitter_card":"summary_large_image","schema":{"@context":"https:\/\/schema.org","@graph":[{"@type":"WebPage","@id":"https:\/\/superherotraining.kivu.li\/wordpress\/?page_id=129","url":"https:\/\/superherotraining.kivu.li\/wordpress\/?page_id=129","name":"Weitersagen! - Superherotraining","isPartOf":{"@id":"https:\/\/superherotraining.kivu.li\/wordpress\/#website"},"primaryImageOfPage":{"@id":"https:\/\/superherotraining.kivu.li\/wordpress\/?page_id=129#primaryimage"},"image":{"@id":"https:\/\/superherotraining.kivu.li\/wordpress\/?page_id=129#primaryimage"},"thumbnailUrl":"http:\/\/superherotraining.kivu.li\/wordpress\/wp-content\/uploads\/2012\/08\/Newsletter-300x80.jpg","datePublished":"2012-08-14T14:04:53+00:00","breadcrumb":{"@id":"https:\/\/superherotraining.kivu.li\/wordpress\/?page_id=129#breadcrumb"},"inLanguage":"en-US","potentialAction":[{"@type":"ReadAction","target":["https:\/\/superherotraining.kivu.li\/wordpress\/?page_id=129"]}]},{"@type":"ImageObject","inLanguage":"en-US","@id":"https:\/\/superherotraining.kivu.li\/wordpress\/?page_id=129#primaryimage","url":"http:\/\/superherotraining.kivu.li\/wordpress\/wp-content\/uploads\/2012\/08\/Newsletter-300x80.jpg","contentUrl":"http:\/\/superherotraining.kivu.li\/wordpress\/wp-content\/uploads\/2012\/08\/Newsletter-300x80.jpg"},{"@type":"BreadcrumbList","@id":"https:\/\/superherotraining.kivu.li\/wordpress\/?page_id=129#breadcrumb","itemListElement":[{"@type":"ListItem","position":1,"name":"Home","item":"https:\/\/superherotraining.kivu.li\/wordpress\/"},{"@type":"ListItem","position":2,"name":"Weitersagen!"}]},{"@type":"WebSite","@id":"https:\/\/superherotraining.kivu.li\/wordpress\/#website","url":"https:\/\/superherotraining.kivu.li\/wordpress\/","name":"Superherotraining","description":"Everyone can become a Superhero","potentialAction":[{"@type":"SearchAction","target":{"@type":"EntryPoint","urlTemplate":"https:\/\/superherotraining.kivu.li\/wordpress\/?s={search_term_string}"},"query-input":{"@type":"PropertyValueSpecification","valueRequired":true,"valueName":"search_term_string"}}],"inLanguage":"en-US"}]}},"_links":{"self":[{"href":"https:\/\/superherotraining.kivu.li\/wordpress\/index.php?rest_route=\/wp\/v2\/pages\/129","targetHints":{"allow":["GET"]}}],"collection":[{"href":"https:\/\/superherotraining.kivu.li\/wordpress\/index.php?rest_route=\/wp\/v2\/pages"}],"about":[{"href":"https:\/\/superherotraining.kivu.li\/wordpress\/index.php?rest_route=\/wp\/v2\/types\/page"}],"author":[{"embeddable":true,"href":"https:\/\/superherotraining.kivu.li\/wordpress\/index.php?rest_route=\/wp\/v2\/users\/2"}],"replies":[{"embeddable":true,"href":"https:\/\/superherotraining.kivu.li\/wordpress\/index.php?rest_route=%2Fwp%2Fv2%2Fcomments&post=129"}],"version-history":[{"count":0,"href":"https:\/\/superherotraining.kivu.li\/wordpress\/index.php?rest_route=\/wp\/v2\/pages\/129\/revisions"}],"wp:attachment":[{"href":"https:\/\/superherotraining.kivu.li\/wordpress\/index.php?rest_route=%2Fwp%2Fv2%2Fmedia&parent=129"}],"curies":[{"name":"wp","href":"https:\/\/api.w.org\/{rel}","templated":true}]}}