{"id":19,"date":"2012-08-08T22:13:16","date_gmt":"2012-08-08T22:13:16","guid":{"rendered":"http:\/\/dominique.tatentraeger.ch\/?page_id=19"},"modified":"2012-08-08T22:13:16","modified_gmt":"2012-08-08T22:13:16","slug":"team","status":"publish","type":"page","link":"https:\/\/superherotraining.kivu.li\/wordpress\/?page_id=19","title":{"rendered":"Team"},"content":{"rendered":"<p><strong>Das Superhero Training Team Z\u00fcrich<\/strong><\/p>\n<div id=\"attachment_209\" style=\"width: 650px\" class=\"wp-caption alignright\"><a href=\"http:\/\/superherotraining.kivu.li\/wordpress\/wp-content\/uploads\/2012\/09\/Team_SHT_online.jpg\"><img loading=\"lazy\" decoding=\"async\" aria-describedby=\"caption-attachment-209\" class=\"size-large wp-image-209\" title=\"Team_SHT_online\" src=\"http:\/\/superherotraining.kivu.li\/wordpress\/wp-content\/uploads\/2012\/09\/Team_SHT_online-1024x476.jpg\" alt=\"\" width=\"640\" height=\"297\" srcset=\"https:\/\/superherotraining.kivu.li\/wordpress\/wp-content\/uploads\/2012\/09\/Team_SHT_online-1024x476.jpg 1024w, https:\/\/superherotraining.kivu.li\/wordpress\/wp-content\/uploads\/2012\/09\/Team_SHT_online-300x139.jpg 300w\" sizes=\"auto, (max-width: 640px) 100vw, 640px\" \/><\/a><p id=\"caption-attachment-209\" class=\"wp-caption-text\">Euer Superhero Training Team in Z\u00fcrich<\/p><\/div>\n<p>Es war im November 2011 als sich f\u00fcnf junge Leute mit einem gemeinsamen Traum trafen. An diesem haben sie zusammen gearbeitet und ihn Schritt f\u00fcr Schritt Realit\u00e4t werden lassen. Entstanden ist das Konzept des Superhero Trainings. Nach einem ersten, \u00fcberw\u00e4ltigenden Erfolg im Juni 2012 in Wien, findet das Superhero Training im September 2012 nun auch in Z\u00fcrich statt! <span style=\"color: #333333;\"><strong>Lerne uns kennen:<\/strong><\/span><\/p>\n<h2>Marie Rubel<\/h2>\n<div id=\"attachment_140\" style=\"width: 160px\" class=\"wp-caption alignleft\"><a href=\"http:\/\/superherotraining.kivu.li\/wordpress\/wp-content\/uploads\/2012\/08\/Passfoto-Marie_Rubel.jpg\"><img loading=\"lazy\" decoding=\"async\" aria-describedby=\"caption-attachment-140\" class=\"size-thumbnail wp-image-140\" title=\"Marie Rubel\" src=\"http:\/\/superherotraining.kivu.li\/wordpress\/wp-content\/uploads\/2012\/08\/Passfoto-Marie_Rubel-150x150.jpg\" alt=\"Marie Rubel\" width=\"150\" height=\"150\" \/><\/a><p id=\"caption-attachment-140\" class=\"wp-caption-text\">Marie Rubel<\/p><\/div>\n<p>Erinnerst du dich an die gl\u00fccklichsten Momente in deinem Leben? Ich finde sie unter alten B\u00e4umen, Meersrauschen im Ohr, Lagerfeuerrauch in der Nase. Ich finde sie lachend, erz\u00e4hlend, nachdenklich, singend, Seite an Seite, mit Tr\u00e4umen f\u00fcr eine wertvolle Zukunft.<\/p>\n<p>Als studierte Umweltnaturwissenschaftlerin arbeite ich derzeit in einer Umweltkommunikationsagentur. Daheim bin ich im Wasservogelreservat Wallnau in Norddeutschland und als Workcamp- und Seminarleiterin der IJGD. Besonders interessieren mich Kommunikation, Tiefen\u00f6kologie und Nachhaltiges Projektmanagement.<\/p>\n<p>Mein Traum ist es, eines Tages in einem \u00d6kodorf zu leben. Fragst du dich noch, was du mal werden willst, oder \u00fcberlegst du schon, wie du am gl\u00fccklichsten bist? Das Superhero Training begeistert mich, da es Tr\u00e4umen Gestalt gibt und einen Anker, um Realit\u00e4t zu werden.<\/p>\n<p>&#8220;Nimm dein Leben an der Hand und lass dich \u00fcberraschen, welchen Weg es mit dir geht.&#8221;<\/p>\n<h2>Ines Mangada<\/h2>\n<div id=\"attachment_174\" style=\"width: 160px\" class=\"wp-caption alignleft\"><a href=\"http:\/\/superherotraining.kivu.li\/wordpress\/wp-content\/uploads\/2012\/08\/Ines_Mangada.jpg\"><img loading=\"lazy\" decoding=\"async\" aria-describedby=\"caption-attachment-174\" class=\"size-thumbnail wp-image-174\" title=\"Ines_Mangada\" src=\"http:\/\/superherotraining.kivu.li\/wordpress\/wp-content\/uploads\/2012\/08\/Ines_Mangada-150x150.jpg\" alt=\"Ines Mangada\" width=\"150\" height=\"150\" \/><\/a><p id=\"caption-attachment-174\" class=\"wp-caption-text\">Ines Mangada<\/p><\/div>\n<p>Zurzeit studiere ich Politikwissenschaft und Sinologie an der Universit\u00e4t Z\u00fcrich. Umweltschutz und Nachhaltigkeit sind Themen, die mich seit Jahren besch\u00e4ftigen, darum habe ich Anfang dieses Jahr entschieden, mich neben dem Studium zu engagieren. Es motiviert mich beim Superhero Training mitzumachen, weil ich dadurch meine Vision mit anderen teilen kann. Meine Vision ist, andere Menschen zum Umdenken anzuregen in den Bereichen Umweltschutz und Nachhaltigkeit auch \u00fcber die Landesgrenzen hinaus.<\/p>\n<p>F\u00fcr mich ist ein Superhero jemand, der weiss, was Gl\u00fcck und Zufriedenheit bedeutet und zwar im Einklang mit den Mitmenschen und der Umwelt.\u00a0 Jemand, der bewusst auf Kosten anderer und\/oder der Umwelt\u00a0 lebt, und dabei gl\u00fccklich und zufrieden ist, ist f\u00fcr mich kein Superhero. Ich glaube, dass jede\/r ein Superhero sein kann, wenn er\/sie \u00fcberzeugt davon ist. <em>Der Mensch ist, was er denkt.<\/em><\/p>\n<h2>Dominique Jaquemet<\/h2>\n<div id=\"attachment_155\" style=\"width: 160px\" class=\"wp-caption alignleft\"><a href=\"http:\/\/superherotraining.kivu.li\/wordpress\/wp-content\/uploads\/2012\/08\/skype_avatar.png\"><img loading=\"lazy\" decoding=\"async\" aria-describedby=\"caption-attachment-155\" class=\"size-thumbnail wp-image-155\" title=\"Dominique Jaquemet\" src=\"http:\/\/superherotraining.kivu.li\/wordpress\/wp-content\/uploads\/2012\/08\/skype_avatar-150x150.png\" alt=\"Dominique Jaquemet\" width=\"150\" height=\"150\" \/><\/a><p id=\"caption-attachment-155\" class=\"wp-caption-text\">Dominique Jaquemet<\/p><\/div>\n<p>Wie findest du deine pers\u00f6nliche Erf\u00fcllung? Ich finde sie beim Umsetzen von Projekten, die mir Spass machen.\u00a0 Ich finde sie\u00a0 bei jeder Aufgabe aufs Neue, im Austausch mit dem Projektteam, durch den Kontakt mit Projektpartnern,\u00a0 Schritt f\u00fcr Schritt, durch das Handeln f\u00fcr eine lebenswerte Zukunft.<\/p>\n<p>Zurzeit schliesse ich mein Studium in Umweltnaturwissen-schaften mit Schwerpunkt Mensch- und Umweltsysteme ab. Lernen und forschen an der Schnittstelle zwischen Natur- und Sozialwissenschaft macht mir grossen Spass. Viele Fakten aus den Umweltnaturwissenschaften und Geisteswissenschaften sprechen f\u00fcr sich und fordern uns direkt auf, etwas am Zustand der Welt zu \u00e4ndern. Doch wo sollen wir anfangen?<\/p>\n<p>Ich glaube es ist am Besten, wenn jeder Mensch diese Frage f\u00fcr sich selbst beantwortet. Leider nehmen wir uns in unserem Altagstrott daf\u00fcr viel zu selten die Zeit. Einen Rahmen zu schaffen, in dem solche Gedanken erw\u00fcnscht sind, hat mich motiviert das Superhero Training mit zu gr\u00fcnden. Ein Superhero ist f\u00fcr mich eine Person, die es wagt Ihr Leben trotz \u00e4usseren Wiederst\u00e4nden im Einklang mit den eigenen Tr\u00e4umen zu gestalten. Was ist dein Traum? Mein Traum ist eine Ver\u00e4nderungen in Richtung einer nachhaltige Zukunft.<\/p>\n<h2>Thomas Heusser<\/h2>\n<div id=\"attachment_183\" style=\"width: 160px\" class=\"wp-caption alignleft\"><a href=\"http:\/\/superherotraining.kivu.li\/wordpress\/wp-content\/uploads\/2012\/08\/Thomas_Heusser.jpg\"><img loading=\"lazy\" decoding=\"async\" aria-describedby=\"caption-attachment-183\" class=\"size-thumbnail wp-image-183 \" title=\"Thomas Heusser\" src=\"http:\/\/superherotraining.kivu.li\/wordpress\/wp-content\/uploads\/2012\/08\/Thomas_Heusser-150x150.jpg\" alt=\"Thomas Heusser\" width=\"150\" height=\"150\" \/><\/a><p id=\"caption-attachment-183\" class=\"wp-caption-text\">Thomas Heusser<\/p><\/div>\n<p>Ich studiere Ethnologie, Geographie und Umweltwissenschaften an der Universit\u00e4t Z\u00fcrich. Ich denke, dass jeder von uns etwas gutes (auch kleine Dinge) in unserer Gesellschaft und f\u00fcr unsere Welt machen kann. Wir sollten nicht schlafen und zu faul dazu sein. Unsere Gesellschaft hat sich an zu viele Bequemlichkeiten gewohnt. Die Wirkung unseres Lebensstils k\u00f6nnen die Anderen und schlussendlich die ganze Welt beeinflussen!!! Wir sollten einen nachhaltigen Lebensstil f\u00fchren, um Ressourcen zu sparen und unserer Umwelt weniger zu schaden. Wir haben nur eine Erde, tragen wir ihr Sorge!<\/p>\n<p>Wir jungen Menschen m\u00fcssen die Ver\u00e4nderung von Morgen sein! Das Superhero Training ist eine gute M\u00f6glichkeit, um herauszufinden, was wir mit unseren Kr\u00e4ften und unseren Talenten machen k\u00f6nnen. Alle diese Themen haben mich motiviert beim Superhero Training mitzuarbeiten.<\/p>\n<p><em>Viele<\/em> <em>kleine Leute, die in vielen kleinen Orten viele kleine Dinge tun, k\u00f6nnen das Gesicht der Welt ver\u00e4ndern. (Tansanische Weisheit)<br \/>\n<\/em><\/p>\n<h2>Alexandra Florin<\/h2>\n<div id=\"attachment_198\" style=\"width: 160px\" class=\"wp-caption alignleft\"><a href=\"http:\/\/superherotraining.kivu.li\/wordpress\/wp-content\/uploads\/2012\/08\/AF-portrait-Slovenie1.jpg\"><img loading=\"lazy\" decoding=\"async\" aria-describedby=\"caption-attachment-198\" class=\"size-thumbnail wp-image-198\" title=\"Alexandra Florin\" src=\"http:\/\/superherotraining.kivu.li\/wordpress\/wp-content\/uploads\/2012\/08\/AF-portrait-Slovenie1-150x150.jpg\" alt=\"Alexandra Florin 08\/2012\" width=\"150\" height=\"150\" \/><\/a><p id=\"caption-attachment-198\" class=\"wp-caption-text\">Alexandra Florin<\/p><\/div>\n<p>Wissenschaftliche Fakten \u00fcber den Zustand unseres Planeten zeigen mir klar, dass unsere Gesellschaft dringend radikal neue Lebensweisen finden muss. Ich glaube, dass solch ein Paradigmenwechsel m\u00f6glich ist, wenn junge Leute, mit einem neuen Bewusstsein, sich vertrauen und jetzt anfangen, ihre Visionen f\u00fcr eine bessere Welt zusammen zu verwirklichen.<\/p>\n<p>Wir brauchen solche \u201eSuper Heros\u201c, die wie B\u00e4ume kontinuierlich wachsen und ihre Fr\u00fcchte allen zur Verf\u00fcgung stellen. Ihre langfristige Kraft kommt durch tiefe Wurzeln, die sie zur Quelle ihrer Motivation f\u00fchren und von der Sonne ihrer \u00dcberzeugung, dass Menschen liebevoller, respektvoller und gl\u00fccklicher werden k\u00f6nnen.<\/p>\n<p>Neben meinem Masterstudium in den Umweltingenieurwissenschaften an der ETH engagierte ich mich in den letzten 2 Jahren bei der Hilfsorganisation Norlha (<a href=\"http:\/\/www.norlha.org\/\">www.norlha.org<\/a>) f\u00fcr ein Abfallmanagementprojekt in Tibet (China). Nach mehreren Aufenthalten und Praktika im Bereich Entwicklungszusammenarbeit in Asien m\u00f6chte ich jetzt etwas bei uns in der Schweiz \u00e4ndern, da reiche Konsumenten viel beeinflussen k\u00f6nnen.<\/p>\n<p>Ich esse vegetarisch und meistens bio, reise nur noch mit dem Velo oder Zug, spare Energie und Ressourcen\u2026 aber nur noch soviel wie eine \u00f6kologische Schweizerin, und f\u00fcr eine Weltb\u00fcrgerin ist das nicht genug! Das Gef\u00fchl meiner Einheit mit der ganzen Welt und Verantwortlichkeit daf\u00fcr habe ich meistens in den Bergen erfahren. Ausser in der Natur erinnere ich mich an meinen Lebensziele beim Yoga, nach der Meditation, oder w\u00e4hrend tiefen Austauschen mit anderen Leuten.<\/p>\n<h2>\u00a0Andreas Kranzl<\/h2>\n<div id=\"attachment_239\" style=\"width: 160px\" class=\"wp-caption alignleft\"><a href=\"http:\/\/superherotraining.kivu.li\/wordpress\/wp-content\/uploads\/2012\/09\/SHT_Andreas.jpg\"><img loading=\"lazy\" decoding=\"async\" aria-describedby=\"caption-attachment-239\" class=\"size-thumbnail wp-image-239\" title=\"Andreas Kranzl\" src=\"http:\/\/superherotraining.kivu.li\/wordpress\/wp-content\/uploads\/2012\/09\/SHT_Andreas-150x150.jpg\" alt=\"Andreas Kranzl\" width=\"150\" height=\"150\" srcset=\"https:\/\/superherotraining.kivu.li\/wordpress\/wp-content\/uploads\/2012\/09\/SHT_Andreas-150x150.jpg 150w, https:\/\/superherotraining.kivu.li\/wordpress\/wp-content\/uploads\/2012\/09\/SHT_Andreas-300x300.jpg 300w, https:\/\/superherotraining.kivu.li\/wordpress\/wp-content\/uploads\/2012\/09\/SHT_Andreas.jpg 468w\" sizes=\"auto, (max-width: 150px) 100vw, 150px\" \/><\/a><p id=\"caption-attachment-239\" class=\"wp-caption-text\">Andreas Kranzl<\/p><\/div>\n<p>In meiner Vorstellung der Welt hat alles und jedes seinen speziellen Platz und Zweck. &#8211; Bei Pflanzen und Tieren ist deren Bestimmung zum Gro\u00dfteil durch ihre Erbanlagen vorbestimmt und nur in beschr\u00e4nktem Ma\u00dfe gestaltbar. Zum Beispiel ist die Superkraft einer Orchidee und deren Nachkommen wohl eine sch\u00f6ne Bl\u00fcte und einen wunderbaren Duft zu verbreiten. Beides setzt sie nicht nur ein um uns Freude zu bereiten, sondern in erster Linie, um das eigene \u00dcberleben zu sichern. Genauso macht es der Gepard dessen Superkraft, besonders schnell zu sein und die schw\u00e4chste Gazelle einer Herde zu erjagen, sein eigenes Fortbestehen und das der vielleicht gerade zu versorgendenden Babies sichert.<\/p>\n<p>Bei uns Menschen ist das von vornherein nicht so klar. Wohin sich unseren naturgegebenen Superkr\u00e4fte zu Schreien und mit gro\u00dfen Augen unsere Eltern dazu zu motivieren sich um uns zu k\u00fcmmern sp\u00e4ter einmal entwickeln, ist besonders in unserer heutigen Zeit h\u00f6chst unvorhersehbar, unterliegt epochalen Einfl\u00fcssen und ver\u00e4ndert sich noch dazu im Verlauf des menschlichen Lebens.<br \/>\n\u00c4u\u00dfere Stimmen und Verlockungen, die Versprechen das eine Richtige f\u00fcr alle gefunden zu haben, machen es uns dabei besonders schwer, nicht zu vergessen, dass die eigentliche Antwort in uns selbst verborgen liegt. Niemand kennt dich besser als du selbst, wei\u00df was dich gl\u00fccklich und lebendig sein l\u00e4sst.<\/p>\n<p>Mit dem Konzept des Superherotrainings sehe ich eine gute M\u00f6glichkeit den eigenen Superkr\u00e4ften auf die Spur zu kommen und erste Schritte zu entwickeln diese ins bevorstehende Leben zu integrieren. Aus der Natur sch\u00f6pfen wir dabei die notwendige Kraft; die Umgebung der Gruppe erm\u00f6glicht uns Anerkennung und Wertsch\u00e4tzung gegen\u00fcber den Kr\u00e4ften anderer zu \u00fcben und diese vielleicht sogar mit den eigenen Superkr\u00e4ften zu vereinen.<\/p>\n<p>Trotzallem m\u00f6chte ich daran erinnern: Es ist jedem selbst \u00fcberlassen, was sie oder er aus den eigenen Potentialen macht. Nicht auszuschlie\u00dfen w\u00e4re ja auch, dass gerade du der geborene Langweiler bist &#8230;<br \/>\n&#8230; und deine Superkraft darin besteht mehr Entspanntheit, Ruhe und Gelassenheit in das Leben deiner Mitmenschen zu bringen.<\/p>\n<p>z.B. in das Leben eines Abenteurers wie mir, der derzeit dabei ist, seine Superkr\u00e4fte in eine ganz neue Richtung (von der Technik zum Coaching) in einem anderen Land (von \u00d6sterreich nach Spanien) umzulenken. Am Weg dahin liegt die Schweiz. So ein Zufall.<\/p>\n","protected":false},"excerpt":{"rendered":"<p>Das Superhero Training Team Z\u00fcrich Es war im November 2011 als sich f\u00fcnf junge Leute mit einem gemeinsamen Traum trafen. An diesem haben sie zusammen gearbeitet und ihn Schritt f\u00fcr Schritt Realit\u00e4t werden lassen. Entstanden ist das Konzept des Superhero &hellip; <a href=\"https:\/\/superherotraining.kivu.li\/wordpress\/?page_id=19\">Continue reading <span class=\"meta-nav\">&rarr;<\/span><\/a><\/p>\n","protected":false},"author":2,"featured_media":0,"parent":0,"menu_order":0,"comment_status":"closed","ping_status":"closed","template":"","meta":{"inline_featured_image":false,"footnotes":""},"class_list":["post-19","page","type-page","status-publish","hentry"],"yoast_head":"<!-- This site is optimized with the Yoast SEO plugin v27.4 - https:\/\/yoast.com\/product\/yoast-seo-wordpress\/ -->\n<title>Team  - Superherotraining<\/title>\n<meta name=\"robots\" content=\"index, follow, max-snippet:-1, max-image-preview:large, max-video-preview:-1\" \/>\n<link rel=\"canonical\" href=\"https:\/\/superherotraining.kivu.li\/wordpress\/?page_id=19\" \/>\n<meta property=\"og:locale\" content=\"en_US\" \/>\n<meta property=\"og:type\" content=\"article\" \/>\n<meta property=\"og:title\" content=\"Team  - Superherotraining\" \/>\n<meta property=\"og:description\" content=\"Das Superhero Training Team Z\u00fcrich Es war im November 2011 als sich f\u00fcnf junge Leute mit einem gemeinsamen Traum trafen. An diesem haben sie zusammen gearbeitet und ihn Schritt f\u00fcr Schritt Realit\u00e4t werden lassen. Entstanden ist das Konzept des Superhero &hellip; Continue reading &rarr;\" \/>\n<meta property=\"og:url\" content=\"https:\/\/superherotraining.kivu.li\/wordpress\/?page_id=19\" \/>\n<meta property=\"og:site_name\" content=\"Superherotraining\" \/>\n<meta property=\"og:image\" content=\"http:\/\/superherotraining.kivu.li\/wordpress\/wp-content\/uploads\/2012\/09\/Team_SHT_online-1024x476.jpg\" \/>\n<meta name=\"twitter:card\" content=\"summary_large_image\" \/>\n<meta name=\"twitter:label1\" content=\"Est. reading time\" \/>\n\t<meta name=\"twitter:data1\" content=\"7 minutes\" \/>\n<script type=\"application\/ld+json\" class=\"yoast-schema-graph\">{\"@context\":\"https:\\\/\\\/schema.org\",\"@graph\":[{\"@type\":\"WebPage\",\"@id\":\"https:\\\/\\\/superherotraining.kivu.li\\\/wordpress\\\/?page_id=19\",\"url\":\"https:\\\/\\\/superherotraining.kivu.li\\\/wordpress\\\/?page_id=19\",\"name\":\"Team - Superherotraining\",\"isPartOf\":{\"@id\":\"https:\\\/\\\/superherotraining.kivu.li\\\/wordpress\\\/#website\"},\"primaryImageOfPage\":{\"@id\":\"https:\\\/\\\/superherotraining.kivu.li\\\/wordpress\\\/?page_id=19#primaryimage\"},\"image\":{\"@id\":\"https:\\\/\\\/superherotraining.kivu.li\\\/wordpress\\\/?page_id=19#primaryimage\"},\"thumbnailUrl\":\"http:\\\/\\\/superherotraining.kivu.li\\\/wordpress\\\/wp-content\\\/uploads\\\/2012\\\/09\\\/Team_SHT_online-1024x476.jpg\",\"datePublished\":\"2012-08-08T22:13:16+00:00\",\"breadcrumb\":{\"@id\":\"https:\\\/\\\/superherotraining.kivu.li\\\/wordpress\\\/?page_id=19#breadcrumb\"},\"inLanguage\":\"en-US\",\"potentialAction\":[{\"@type\":\"ReadAction\",\"target\":[\"https:\\\/\\\/superherotraining.kivu.li\\\/wordpress\\\/?page_id=19\"]}]},{\"@type\":\"ImageObject\",\"inLanguage\":\"en-US\",\"@id\":\"https:\\\/\\\/superherotraining.kivu.li\\\/wordpress\\\/?page_id=19#primaryimage\",\"url\":\"http:\\\/\\\/superherotraining.kivu.li\\\/wordpress\\\/wp-content\\\/uploads\\\/2012\\\/09\\\/Team_SHT_online-1024x476.jpg\",\"contentUrl\":\"http:\\\/\\\/superherotraining.kivu.li\\\/wordpress\\\/wp-content\\\/uploads\\\/2012\\\/09\\\/Team_SHT_online-1024x476.jpg\"},{\"@type\":\"BreadcrumbList\",\"@id\":\"https:\\\/\\\/superherotraining.kivu.li\\\/wordpress\\\/?page_id=19#breadcrumb\",\"itemListElement\":[{\"@type\":\"ListItem\",\"position\":1,\"name\":\"Home\",\"item\":\"https:\\\/\\\/superherotraining.kivu.li\\\/wordpress\\\/\"},{\"@type\":\"ListItem\",\"position\":2,\"name\":\"Team\"}]},{\"@type\":\"WebSite\",\"@id\":\"https:\\\/\\\/superherotraining.kivu.li\\\/wordpress\\\/#website\",\"url\":\"https:\\\/\\\/superherotraining.kivu.li\\\/wordpress\\\/\",\"name\":\"Superherotraining\",\"description\":\"Everyone can become a Superhero\",\"potentialAction\":[{\"@type\":\"SearchAction\",\"target\":{\"@type\":\"EntryPoint\",\"urlTemplate\":\"https:\\\/\\\/superherotraining.kivu.li\\\/wordpress\\\/?s={search_term_string}\"},\"query-input\":{\"@type\":\"PropertyValueSpecification\",\"valueRequired\":true,\"valueName\":\"search_term_string\"}}],\"inLanguage\":\"en-US\"}]}<\/script>\n<!-- \/ Yoast SEO plugin. -->","yoast_head_json":{"title":"Team  - Superherotraining","robots":{"index":"index","follow":"follow","max-snippet":"max-snippet:-1","max-image-preview":"max-image-preview:large","max-video-preview":"max-video-preview:-1"},"canonical":"https:\/\/superherotraining.kivu.li\/wordpress\/?page_id=19","og_locale":"en_US","og_type":"article","og_title":"Team  - Superherotraining","og_description":"Das Superhero Training Team Z\u00fcrich Es war im November 2011 als sich f\u00fcnf junge Leute mit einem gemeinsamen Traum trafen. An diesem haben sie zusammen gearbeitet und ihn Schritt f\u00fcr Schritt Realit\u00e4t werden lassen. Entstanden ist das Konzept des Superhero &hellip; Continue reading &rarr;","og_url":"https:\/\/superherotraining.kivu.li\/wordpress\/?page_id=19","og_site_name":"Superherotraining","og_image":[{"url":"http:\/\/superherotraining.kivu.li\/wordpress\/wp-content\/uploads\/2012\/09\/Team_SHT_online-1024x476.jpg","type":"","width":"","height":""}],"twitter_card":"summary_large_image","twitter_misc":{"Est. reading time":"7 minutes"},"schema":{"@context":"https:\/\/schema.org","@graph":[{"@type":"WebPage","@id":"https:\/\/superherotraining.kivu.li\/wordpress\/?page_id=19","url":"https:\/\/superherotraining.kivu.li\/wordpress\/?page_id=19","name":"Team - Superherotraining","isPartOf":{"@id":"https:\/\/superherotraining.kivu.li\/wordpress\/#website"},"primaryImageOfPage":{"@id":"https:\/\/superherotraining.kivu.li\/wordpress\/?page_id=19#primaryimage"},"image":{"@id":"https:\/\/superherotraining.kivu.li\/wordpress\/?page_id=19#primaryimage"},"thumbnailUrl":"http:\/\/superherotraining.kivu.li\/wordpress\/wp-content\/uploads\/2012\/09\/Team_SHT_online-1024x476.jpg","datePublished":"2012-08-08T22:13:16+00:00","breadcrumb":{"@id":"https:\/\/superherotraining.kivu.li\/wordpress\/?page_id=19#breadcrumb"},"inLanguage":"en-US","potentialAction":[{"@type":"ReadAction","target":["https:\/\/superherotraining.kivu.li\/wordpress\/?page_id=19"]}]},{"@type":"ImageObject","inLanguage":"en-US","@id":"https:\/\/superherotraining.kivu.li\/wordpress\/?page_id=19#primaryimage","url":"http:\/\/superherotraining.kivu.li\/wordpress\/wp-content\/uploads\/2012\/09\/Team_SHT_online-1024x476.jpg","contentUrl":"http:\/\/superherotraining.kivu.li\/wordpress\/wp-content\/uploads\/2012\/09\/Team_SHT_online-1024x476.jpg"},{"@type":"BreadcrumbList","@id":"https:\/\/superherotraining.kivu.li\/wordpress\/?page_id=19#breadcrumb","itemListElement":[{"@type":"ListItem","position":1,"name":"Home","item":"https:\/\/superherotraining.kivu.li\/wordpress\/"},{"@type":"ListItem","position":2,"name":"Team"}]},{"@type":"WebSite","@id":"https:\/\/superherotraining.kivu.li\/wordpress\/#website","url":"https:\/\/superherotraining.kivu.li\/wordpress\/","name":"Superherotraining","description":"Everyone can become a Superhero","potentialAction":[{"@type":"SearchAction","target":{"@type":"EntryPoint","urlTemplate":"https:\/\/superherotraining.kivu.li\/wordpress\/?s={search_term_string}"},"query-input":{"@type":"PropertyValueSpecification","valueRequired":true,"valueName":"search_term_string"}}],"inLanguage":"en-US"}]}},"_links":{"self":[{"href":"https:\/\/superherotraining.kivu.li\/wordpress\/index.php?rest_route=\/wp\/v2\/pages\/19","targetHints":{"allow":["GET"]}}],"collection":[{"href":"https:\/\/superherotraining.kivu.li\/wordpress\/index.php?rest_route=\/wp\/v2\/pages"}],"about":[{"href":"https:\/\/superherotraining.kivu.li\/wordpress\/index.php?rest_route=\/wp\/v2\/types\/page"}],"author":[{"embeddable":true,"href":"https:\/\/superherotraining.kivu.li\/wordpress\/index.php?rest_route=\/wp\/v2\/users\/2"}],"replies":[{"embeddable":true,"href":"https:\/\/superherotraining.kivu.li\/wordpress\/index.php?rest_route=%2Fwp%2Fv2%2Fcomments&post=19"}],"version-history":[{"count":0,"href":"https:\/\/superherotraining.kivu.li\/wordpress\/index.php?rest_route=\/wp\/v2\/pages\/19\/revisions"}],"wp:attachment":[{"href":"https:\/\/superherotraining.kivu.li\/wordpress\/index.php?rest_route=%2Fwp%2Fv2%2Fmedia&parent=19"}],"curies":[{"name":"wp","href":"https:\/\/api.w.org\/{rel}","templated":true}]}}